{"id":19076,"date":"2022-05-06T09:07:31","date_gmt":"2022-05-06T09:07:31","guid":{"rendered":"https:\/\/onavacationclub.com\/aviso-legal\/"},"modified":"2023-10-10T09:45:04","modified_gmt":"2023-10-10T09:45:04","slug":"rechtlicher-hinweis","status":"publish","type":"page","link":"https:\/\/onavacationclub.com\/de\/rechtlicher-hinweis\/","title":{"rendered":"Rechtlicher Hinweis"},"content":{"rendered":"\t\t<div data-elementor-type=\"wp-page\" data-elementor-id=\"19076\" class=\"elementor elementor-19076 elementor-5810\">\n\t\t\t\t\t\t<section class=\"elementor-section elementor-top-section elementor-element elementor-element-f4d649e elementor-section-boxed elementor-section-height-default elementor-section-height-default\" data-id=\"f4d649e\" data-element_type=\"section\">\n\t\t\t\t\t\t<div class=\"elementor-container elementor-column-gap-default\">\n\t\t\t\t\t<div class=\"elementor-column elementor-col-100 elementor-top-column elementor-element elementor-element-99e7420\" data-id=\"99e7420\" data-element_type=\"column\">\n\t\t\t<div class=\"elementor-widget-wrap elementor-element-populated\">\n\t\t\t\t\t\t<div class=\"elementor-element elementor-element-0ce6bcc elementor-widget elementor-widget-heading\" data-id=\"0ce6bcc\" data-element_type=\"widget\" data-widget_type=\"heading.default\">\n\t\t\t\t<div class=\"elementor-widget-container\">\n\t\t\t<h2 class=\"elementor-heading-title elementor-size-default\">Legal notice<\/h2>\t\t<\/div>\n\t\t\t\t<\/div>\n\t\t\t\t<div class=\"elementor-element elementor-element-b75a4a4 elementor-widget elementor-widget-heading\" data-id=\"b75a4a4\" data-element_type=\"widget\" data-widget_type=\"heading.default\">\n\t\t\t\t<div class=\"elementor-widget-container\">\n\t\t\t<h2 class=\"elementor-heading-title elementor-size-default\">1.- INFORMATIONSRECHT<\/h2>\t\t<\/div>\n\t\t\t\t<\/div>\n\t\t\t\t<div class=\"elementor-element elementor-element-fac5808 elementor-widget elementor-widget-text-editor\" data-id=\"fac5808\" data-element_type=\"widget\" data-widget_type=\"text-editor.default\">\n\t\t\t\t<div class=\"elementor-widget-container\">\n\t\t\t\t\t\t\t<p>Wir informieren Sie dar\u00fcber, dass CLUBOTEL LA DORADA, S.L. (im Folgenden \u201eONA ONA GRUP\u201c), Steuernummer (N.I.F.) 61502035, Gesch\u00e4ftssitz in Calle Calabria 129, entresuelo, 08015, Barcelona, Eigent\u00fcmer der Webseite unter der Domain www.onagrup.com (im Folgenden \u201eWebseite\u201c) ist.<\/p><p><br \/>Durch Zugriff und\/oder Verwendung der Webseite erlangen Sie die Eigenschaft eines Benutzers. Zudem akzeptieren Sie durch den besagten Zugriff und\/oder Verwendung diesen rechtlichen Hinweis.<\/p><p><br \/>Der Benutzer (im Folgenden \u201eBenutzer\u201c) kann ONA GRUP \u00fcber folgende E-Mail-Adresse kontaktieren: info@onagrup.net<\/p>\t\t\t\t\t\t<\/div>\n\t\t\t\t<\/div>\n\t\t\t\t<div class=\"elementor-element elementor-element-476e841 elementor-widget elementor-widget-heading\" data-id=\"476e841\" data-element_type=\"widget\" data-widget_type=\"heading.default\">\n\t\t\t\t<div class=\"elementor-widget-container\">\n\t\t\t<h2 class=\"elementor-heading-title elementor-size-default\">2.- NUTZUNG DER WEBSEITE<\/h2>\t\t<\/div>\n\t\t\t\t<\/div>\n\t\t\t\t<div class=\"elementor-element elementor-element-53c35dd elementor-widget elementor-widget-text-editor\" data-id=\"53c35dd\" data-element_type=\"widget\" data-widget_type=\"text-editor.default\">\n\t\t\t\t<div class=\"elementor-widget-container\">\n\t\t\t\t\t\t\t<p>Der Benutzer \u00fcbernimmt die Verantwortung f\u00fcr die Nutzung der Webseite von ONA GRUP. Die Webseite kann Zugang zu einer Vielzahl von Texten, Grafiken, Zeichnungen, Designs, Fotografien, multimedialen Inhalten und Informationen (im Folgenden \u201eInhalte\u201c) bieten, die ONA GRUP oder Dritten geh\u00f6ren; der Benutzer kann Zugang zu ihnen haben.<\/p><p><br \/>Der Nutzer verpflichtet sich, die \u00fcber die Webseite angebotenen Inhalte und Dienstleistungen in angemessener Weise zu nutzen und sie beispielsweise nicht f\u00fcr Folgendes zu verwenden:<\/p><p><br \/>(i) Durchf\u00fchren von Aktivit\u00e4ten, die rechtswidrig oder illegal sind oder gegen Treu und Glauben und die \u00f6ffentliche Ordnung versto\u00dfen.<\/p><p><br \/>(ii) Verursachen von Sch\u00e4den an den physischen und logischen Systemen der Webseiten von ONA GRUP, Lieferanten oder Dritten.<\/p><p><br \/>(iii) Einschleusen oder Verbreiten im Netz von Computerviren oder anderen physischen oder logischen Systemen, die die vorgenannten Sch\u00e4den verursachen k\u00f6nnen.<\/p><p><br \/>(iv) Versuchen, auf die Daten von ONA GRUP, Drittanbietern und anderen Benutzern zuzugreifen, sie zu nutzen und\/oder zu manipulieren.<\/p><p><br \/>(v) Vervielf\u00e4ltigen oder Kopieren, Verbreiten, \u00f6ffentliches Zug\u00e4nglichmachen durch irgendeine Form der \u00f6ffentlichen Kommunikation, Umwandeln oder \u00c4ndern der Inhalte, wenn dies nicht von ONA GRUP genehmigt wurde.<\/p><p><br \/>(vi) L\u00f6schen, Verbergen oder Manipulieren von Inhalten, die geistigen oder gewerblichen Eigentumsrechten unterliegen, von anderen Daten, die diese Rechte von ONA GRUP oder Dritten kennzeichnen und die in den Inhalten integriert sind, sowie von den technischen Schutzvorrichtungen oder sonstigen Informationsmechanismen, die in die Inhalte implementiert sein k\u00f6nnten.<\/p><p><br \/>ONA GRUP weist darauf hin, dass das auf dieser Website enthaltene Material nur zu Informationszwecken dient und daher nicht ausreicht, um in spezifischen F\u00e4llen Entscheidungen zu treffen oder Positionen zu beziehen.<\/p><p><br \/>Der Benutzer muss sich dar\u00fcber im Klaren sein, dass die auf dieser Webseite enthaltenen Materialien m\u00f6glicherweise nicht den neuesten Stand der Gesetzgebung oder Rechtsprechung zu den behandelten Themen widerspiegeln. Dar\u00fcber hinaus k\u00f6nnen diese Materialien ohne vorherige Ank\u00fcndigung ge\u00e4ndert, erweitert oder aktualisiert werden.<\/p><p><br \/>ONA GRUP hat das Recht, jegliche der oben genannten Handlungen in \u00dcbereinstimmung mit dem Gesetz zu untersuchen und anzuzeigen sowie mit den Beh\u00f6rden bei der Untersuchung solcher Handlungen zusammenzuarbeiten.<\/p><p><br \/>ONA GRUP kann den Zugang zur Webseite ohne vorherige Ank\u00fcndigung vor\u00fcbergehend unterbrechen, um Wartungs-, Reparatur-, Aktualisierungs- oder Verbesserungsarbeiten durchzuf\u00fchren. Wenn es die Umst\u00e4nde erlauben, informiert ONA GRUP den Benutzer jedoch mit ausreichender Vorlaufzeit \u00fcber das Datum, an dem die Dienstleistungen ausgesetzt werden sollen. ONA GRUP \u00fcbernimmt keine Verantwortung f\u00fcr die Nutzung der auf der Webseite enthaltenen Inhalte durch die Benutzer.<\/p>\t\t\t\t\t\t<\/div>\n\t\t\t\t<\/div>\n\t\t\t\t<div class=\"elementor-element elementor-element-bf27b55 elementor-widget elementor-widget-heading\" data-id=\"bf27b55\" data-element_type=\"widget\" data-widget_type=\"heading.default\">\n\t\t\t\t<div class=\"elementor-widget-container\">\n\t\t\t<h2 class=\"elementor-heading-title elementor-size-default\">3.- GEISTIGES UND GEWERBLICHES EIGENTUM<\/h2>\t\t<\/div>\n\t\t\t\t<\/div>\n\t\t\t\t<div class=\"elementor-element elementor-element-b338fcb elementor-widget elementor-widget-text-editor\" data-id=\"b338fcb\" data-element_type=\"widget\" data-widget_type=\"text-editor.default\">\n\t\t\t\t<div class=\"elementor-widget-container\">\n\t\t\t\t\t\t\t<p>Alle geistigen Eigentumsrechte bez\u00fcglich des Inhalts der Webseite und ihrer grafischen Gestaltung liegen ausschlie\u00dflich bei ONA GRUP oder bei Dritten, die deren Nutzung genehmigt haben, wobei ONA GRUP der alleinige Inhaber der Nutzungsrechte ist. Aus diesem Grunde und aufgrund der Bestimmungen der geltenden Rechtsvorschriften \u00fcber geistige und gewerbliche Eigentumsrechte.<\/p><p><br \/>ONA GRUP gew\u00e4hrt keinerlei Lizenz oder Nutzungsgenehmigung bez\u00fcglich seiner geistigen und gewerblichen Eigentumsrechte oder bez\u00fcglich anderer Eigentumsrechte oder Rechte im Zusammenhang mit der Webseite, den Dienstleistungen oder Inhalten derselben.<\/p><p><br \/>Die Vervielf\u00e4ltigung und vor\u00fcbergehende Speicherung der Inhalte der Webseite ist in dem Umfang gestattet, der f\u00fcr die Nutzung und Ansicht der Webseite von einem pers\u00f6nlichen Ger\u00e4t aus unbedingt erforderlich ist.<\/p><p><br \/>F\u00fcr die Legitimit\u00e4t der Rechte an geistigem oder gewerblichem Eigentum bez\u00fcglich der von den Benutzern zur Verf\u00fcgung gestellten Inhalte sind ausschlie\u00dflich diese selbst verantwortlich, und der Benutzer h\u00e4lt ONA GRUP daher von allen Anspr\u00fcchen Dritter schadlos, die sich aus der unrechtm\u00e4\u00dfigen Nutzung von Inhalten auf der Website ergeben.<\/p>\t\t\t\t\t\t<\/div>\n\t\t\t\t<\/div>\n\t\t\t\t<div class=\"elementor-element elementor-element-005ea61 elementor-widget elementor-widget-heading\" data-id=\"005ea61\" data-element_type=\"widget\" data-widget_type=\"heading.default\">\n\t\t\t\t<div class=\"elementor-widget-container\">\n\t\t\t<h2 class=\"elementor-heading-title elementor-size-default\">4.- HAFTUNG UND GARANTIEN<\/h2>\t\t<\/div>\n\t\t\t\t<\/div>\n\t\t\t\t<div class=\"elementor-element elementor-element-0000596 elementor-widget elementor-widget-text-editor\" data-id=\"0000596\" data-element_type=\"widget\" data-widget_type=\"text-editor.default\">\n\t\t\t\t<div class=\"elementor-widget-container\">\n\t\t\t\t\t\t\t<p>ONA GRUP erkl\u00e4rt, die notwendigen Ma\u00dfnahmen ergriffen zu haben, die im Rahmen der M\u00f6glichkeiten und des Stands der Technik die korrekte Funktion der Webseite sowie die Freiheit von Viren und sch\u00e4dlichen Komponenten erm\u00f6glichen. ONA GRUP kann jedoch f\u00fcr Folgendes nicht verantwortlich gemacht werden:<\/p><p><br \/>(i) Die Kontinuit\u00e4t und Verf\u00fcgbarkeit der Inhalte und Dienste.<\/p><p><br \/>(ii) Das Vorhandensein von Fehlern in diesen Inhalten oder das Vers\u00e4umnis, eventuell auftretende M\u00e4ngel zu korrigieren.<\/p><p><br \/>(iii) Das Vorhandensein von Viren und\/oder anderen sch\u00e4dlichen Komponenten<\/p><p><br \/>(iv) Sch\u00e4den, die von Personen verursacht werden, die die Sicherheitssysteme von ONA GRUP verletzen.<\/p><p><br \/>Die Beitr\u00e4ge, die auf diesen Seiten zu finden sind, dienen lediglich der Information. ONA GRUP \u00fcbernimmt keine Garantie f\u00fcr die Vollst\u00e4ndigkeit, Richtigkeit und Aktualit\u00e4t der Inhalte.<\/p><p><br \/>ONA GRUP \u00fcbernimmt keine Verantwortung f\u00fcr die auf der Webseite befindlichen Links zu anderen Webseiten und kann den Nutzer zu anderen Webseiten leiten, \u00fcber die ONA GRUP keine Kontrolle hat. Die Einbindung von Links zu anderen Webseiten bedeutet daher weder die Billigung ihrer Inhalte durch ONA GRUP noch das Bestehen irgendeiner Art von Verbindung zwischen ONA GRUP und ihren Eigent\u00fcmern. Daher greift der Nutzer auf den Inhalt unter seiner alleinigen Verantwortung zu und unter den f\u00fcr sie geltenden Nutzungsbedingungen.<\/p>\t\t\t\t\t\t<\/div>\n\t\t\t\t<\/div>\n\t\t\t\t<div class=\"elementor-element elementor-element-c862939 elementor-widget elementor-widget-heading\" data-id=\"c862939\" data-element_type=\"widget\" data-widget_type=\"heading.default\">\n\t\t\t\t<div class=\"elementor-widget-container\">\n\t\t\t<h2 class=\"elementor-heading-title elementor-size-default\">5.- DAUER UND \u00c4NDERUNG<\/h2>\t\t<\/div>\n\t\t\t\t<\/div>\n\t\t\t\t<div class=\"elementor-element elementor-element-6d3a774 elementor-widget elementor-widget-text-editor\" data-id=\"6d3a774\" data-element_type=\"widget\" data-widget_type=\"text-editor.default\">\n\t\t\t\t<div class=\"elementor-widget-container\">\n\t\t\t\t\t\t\t<div class=\"content-wrap row\"><div id=\"content\" class=\"columns large-12 layout_one\"><article id=\"post-14556\" class=\"post-14556 page type-page status-publish has-post-thumbnail hentry\"><section class=\"entry\"><section class=\"wpb-content-wrapper\"><div class=\"vc_row wpb_row row vc_row-parent celr_style_grpd vc_custom_1635187314992 vc_row-o-content-middle\"><div class=\"wpb_column vc_column_container vc_col-sm-12\"><div class=\"vc_column-inner \"><div class=\"wpb_wrapper\"><div class=\"wpb_text_column wpb_content_element \"><div class=\"wpb_wrapper\"><p>Der vorliegende Rechtliche Hinweis gilt auf unbestimmte Zeit; ONA GRUP kann \u00c4nderungen an den hier genannten Bedingungen vornehmen, die ab dem Zeitpunkt ihrer Ver\u00f6ffentlichung in Kraft treten.<\/p><p><br \/>ONA GRUP kann sowohl die Inhalte als auch die angebotenen Dienstleistungen sowie die Art und Weise, in der sie angeboten werden, l\u00f6schen, erg\u00e4nzen oder \u00e4ndern. Es gelten die zum Zeitpunkt des Zugriffs des Benutzers auf die Webseite von ONA GRUP ver\u00f6ffentlichten Bedingungen.<\/p><p><br \/>Durch Zugriff und\/oder Verwendung der Webseite erkl\u00e4rt sich der Benutzer mit diesem rechtlichen Hinweis und seinen Bedingungen sowie gegebenenfalls mit allen \u00c4nderungen derselben einverstanden.<\/p><\/div><\/div><\/div><\/div><\/div><\/div><\/section><\/section><\/article><\/div><\/div>\t\t\t\t\t\t<\/div>\n\t\t\t\t<\/div>\n\t\t\t\t\t<\/div>\n\t\t<\/div>\n\t\t\t\t\t<\/div>\n\t\t<\/section>\n\t\t\t\t<\/div>\n\t\t","protected":false},"excerpt":{"rendered":"Legal notice 1.- INFORMATIONSRECHT Wir informieren Sie dar\u00fcber, dass CLUBOTEL LA DORADA, S.L. (im Folgenden \u201eONA ONA GRUP\u201c), Steuernummer (N.I.F.) 61502035, Gesch\u00e4ftssitz in Calle Calabria 129, entresuelo, 08015, Barcelona, Eigent\u00fcmer der Webseite unter der Domain www.onagrup.com (im Folgenden \u201eWebseite\u201c) ist.Durch Zugriff und\/oder Verwendung der Webseite erlangen Sie die Eigenschaft eines Benutzers. Zudem akzeptieren Sie durch [&hellip;]","protected":false},"author":143,"featured_media":0,"parent":0,"menu_order":0,"comment_status":"closed","ping_status":"closed","template":"","meta":{"inline_featured_image":false,"_genesis_hide_title":false,"_genesis_hide_breadcrumbs":false,"_genesis_hide_singular_image":false,"_genesis_hide_footer_widgets":false,"_genesis_custom_body_class":"","_genesis_custom_post_class":"","_genesis_layout":"","footnotes":""},"class_list":{"0":"post-19076","1":"page","2":"type-page","3":"status-publish","5":"entry"},"_links":{"self":[{"href":"https:\/\/onavacationclub.com\/de\/wp-json\/wp\/v2\/pages\/19076","targetHints":{"allow":["GET"]}}],"collection":[{"href":"https:\/\/onavacationclub.com\/de\/wp-json\/wp\/v2\/pages"}],"about":[{"href":"https:\/\/onavacationclub.com\/de\/wp-json\/wp\/v2\/types\/page"}],"author":[{"embeddable":true,"href":"https:\/\/onavacationclub.com\/de\/wp-json\/wp\/v2\/users\/143"}],"replies":[{"embeddable":true,"href":"https:\/\/onavacationclub.com\/de\/wp-json\/wp\/v2\/comments?post=19076"}],"version-history":[{"count":0,"href":"https:\/\/onavacationclub.com\/de\/wp-json\/wp\/v2\/pages\/19076\/revisions"}],"wp:attachment":[{"href":"https:\/\/onavacationclub.com\/de\/wp-json\/wp\/v2\/media?parent=19076"}],"curies":[{"name":"wp","href":"https:\/\/api.w.org\/{rel}","templated":true}]}}